{"id":3,"date":"2023-07-26T08:51:18","date_gmt":"2023-07-26T08:51:18","guid":{"rendered":"https_3A//fides-et-ratio.it/@page_id=3"},"modified":"2023-10-09T20:55:33","modified_gmt":"2023-10-09T20:55:33","slug":"privacy","status":"publish","type":"page","link":"https:\/\/fides-et-ratio.it\/privacy\/","title":{"rendered":"Informativa sulla privacy"},"content":{"rendered":"\n<h2 class=\"wp-block-heading\">Informativa sulla raccolta dei dati attraverso il sito web e sul loro trattamento<\/h2>\n\n\n\n<h3 class=\"wp-block-heading\">Premessa&nbsp;<\/h3>\n\n\n\n<p>Il sig. Francesco Ghislandi, in qualit\u00e0 di Titolare del trattamento dei dati (di seguito definito \u201c<strong>Titolare<\/strong>\u201c), utilizza il blog di cui \u00e8 proprietario, raggiungibile tramite il dominio https:\/\/fides-et-ratio.it, principalmente come mezzo di espressione delle proprie attivit\u00e0 culturali e formative.&nbsp;<\/p>\n\n\n\n<p>In conformit\u00e0 al&nbsp;<a href=\"../../eur-lex.europa.eu/legal-content/IT/TXT/@uri=uriserv_3AOJ.L_.2016.119.01.0001.01.ITA&toc=OJ_3AL_3A2016_3A119_3ATOC\" target=\"_blank\" rel=\"noreferrer noopener\"><strong><em>Regolamento UE 2016\/679<\/em><\/strong><\/a><em>&nbsp;del Parlamento europeo e del Consiglio, del 27 aprile 2016 relativo alla protezione delle persone fisiche con riguardo al trattamento dei dati personali, nonch\u00e9 alla libera circolazione di tali dati e che abroga la direttiva 95\/46\/CE (regolamento generale sulla protezione dei dati) (Testo rilevante ai fini del SEE)<\/em>,&nbsp;<strong>di seguito abbreviato con la sigla \u201cGDPR\u201d<\/strong>&nbsp;(<strong>G<\/strong>eneral&nbsp;<strong>D<\/strong>ata&nbsp;<strong>P<\/strong>rotection&nbsp;<strong>R<\/strong>egulation \/ Regolamento Generale sulla Protezione dei Dati), che prevede la tutela delle persone rispetto al trattamento dei dati personali,&nbsp;<strong>si informano i Visitatori che il Titolare, tramite il sito, raccoglie alcuni dati, anche personali, per le suddette finalit\u00e0<\/strong>&nbsp;(descritte poi in dettaglio nei punti successivi di questa informativa). Il trattamento dei dati \u00e8 quindi improntato a principi di correttezza, liceit\u00e0, trasparenza e tutela della riservatezza e dei diritti del Visitatore del sito web.&nbsp;<\/p>\n\n\n\n<h3 class=\"wp-block-heading\">Indice dell&#8217;informativa sulla Privacy<\/h3>\n\n\n\n<ol class=\"wp-block-list\">\n<li><a href=\"#RaccoltaDati\" title=\"\">Dati raccolti dal sito, finalit\u00e0 e durata del trattamento<\/a>\n\n\n\n\n<ul class=\"wp-block-list\">\n<li><a href=\"#Commenti\" title=\"\">Commenti<\/a><\/li>\n\n\n\n<li><a href=\"#Newsletter\" title=\"Newsletter\">Newsletter<\/a><\/li>\n<\/ul>\n\n\n\n<ul class=\"wp-block-list\">\n<li><a href=\"#Tutela-minori\" title=\"Tutela dei minori\">Tutela dei minori<\/a><\/li>\n<\/ul>\n<\/li>\n\n\n\n<li><a href=\"#come-trattiamo\" title=\"Come trattiamo le informazioni raccolte\">Come trattiamo le informazioni raccolte<\/a><\/li>\n\n\n\n<li><a href=\"#come-esercitare\" title=\"Come esercitare i propri diritti, previsti dal GDPR\">Come esercitare i propri diritti, previsti dal GDPR<\/a><\/li>\n\n\n\n<li><a href=\"#come-informiamo\" title=\"\">Come informiamo gli interessati in caso di modifiche sostanziali alla presente informativa<\/a><\/li>\n<\/ol>\n\n\n\n<h3 class=\"wp-block-heading\" id=\"RaccoltaDati\">1) Dati raccolti dal sito, finalit\u00e0 e durata del trattamento<\/h3>\n\n\n\n<p>Allo scopo di&nbsp;<strong>garantire sempre la qualit\u00e0 e la congruit\u00e0 dei contenuti, la sicurezza e la fruibilit\u00e0 ottimale di alcune funzionalit\u00e0 specifiche<\/strong>, il sito, a seconda dell\u2019utilizzo dello stesso da parte del visitatore, pu\u00f2 raccogliere&nbsp;<strong>dati personali<\/strong>, anche in forma anonima e aggregata.&nbsp;<\/p>\n\n\n\n<p><strong>Durante la permanenza del Visitatore sul sito<\/strong>, il sistema informatico del Titolare potr\u00e0 raccogliere una serie di dati come: indirizzo IP, tipo di browser, sistema operativo, tipo di dispositivo, host e URL di provenienza,&nbsp;<strong>al fine sia di mantenere un\u2019adeguata protezione<\/strong>&nbsp;da eventuali azioni di pirateria informatica (volte a danneggiare il sito o a sottrarre\/alterare illecitamente le informazioni con esso raccolte),&nbsp;<strong>sia di monitorare che le prestazioni<\/strong>&nbsp;del sito e dell\u2019infrastruttura informatica a cui si appoggia si mantengano entro livelli accettabili.&nbsp;<\/p>\n\n\n\n<p><strong>Unitamente a tali dati<\/strong>, il sito fa uso anche di&nbsp;<strong>cookie<\/strong>&nbsp;per le seguenti&nbsp;<strong>finalit\u00e0<\/strong>:&nbsp;<\/p>\n\n\n\n<ul class=\"wp-block-list\">\n<li><strong>raccogliere dati statistici anonimi e in forma aggregata<\/strong>&nbsp;al fine di monitorare l\u2019utilizzo delle pagine web da parte dei visitatori, nell\u2019ottica di mantenere o migliorare il livello qualitativo dei contenuti.&nbsp;<\/li>\n<\/ul>\n\n\n\n<p><strong>Alcuni di questi cookie sono tecnici o di sessione, altri sono analitici (di \u201cprima parte\u201d)<\/strong>. Per saperne di pi\u00f9, leggere la specifica <a href=\"https:\/\/fides-et-ratio.it\/cookie-policy\/\" target=\"_blank\" rel=\"noopener\" title=\"\">informativa estesa<\/a>.&nbsp;<\/p>\n\n\n\n<h4 class=\"wp-block-heading\" id=\"Commenti\">1.1) Commenti<\/h4>\n\n\n\n<p>Quando il Visitatore lascia un commento sul sito, il Titolare raccoglie i seguenti dati al fine di facilitare il rilevamento dello&nbsp;<a href=\"https:\/\/it.wikipedia.org\/wiki\/Spam\" target=\"_blank\" rel=\"noreferrer noopener\"><em>spam<\/em><\/a>:&nbsp;<\/p>\n\n\n\n<ul class=\"wp-block-list\">\n<li>i dati inseriti dal Visitatore nel modulo per i commenti;<\/li>\n\n\n\n<li>l&#8217;indirizzo IP del Visitatore<\/li>\n\n\n\n<li>la stringa dello&nbsp;<a href=\"https:\/\/it.wikipedia.org\/wiki\/User_agent\" target=\"_blank\" rel=\"noreferrer noopener\"><em>user agent<\/em><\/a>, ovvero una stringa di testo che riporta il nome del programma utilizzato dal Visitatore per svolgere la navigazione sul web.&nbsp;<\/li>\n<\/ul>\n\n\n\n<p>Inoltre, una stringa anonimizzata creata a partire dall\u2019indirizzo e-mail del Visitatore, altrimenti detta&nbsp;<em>hash<\/em>, pu\u00f2 essere fornita al servizio Gravatar, che ne verifica l\u2019eventuale utilizzo da parte del Visitatore. Dopo l\u2019approvazione del tuo commento, la tua immagine del profilo \u00e8 visibile al pubblico accanto al tuo commento. La privacy policy del servizio Gravatar \u00e8 disponibile all\u2019indirizzo&nbsp;<a href=\"https:\/\/automattic.com\/privacy\/\" target=\"_blank\" rel=\"noreferrer noopener\">https:\/\/automattic.com\/privacy\/<\/a>.&nbsp;<\/p>\n\n\n\n<h4 class=\"wp-block-heading\" id=\"Newsletter\">1.2) Newsletter&nbsp;<\/h4>\n\n\n\n<p><strong>Per quanto riguarda i messaggi di posta elettronica<\/strong>, il Titolare proceder\u00e0, nel rispetto del Regolamento, alla raccolta dei dati personali (ivi incluso l\u2019indirizzo di posta elettronica) spontaneamente&nbsp;<strong>trasmessi utilizzando direttamente gli indirizzi e\u2011mail eventualmente indicati<\/strong>, curandone la successiva archiviazione&nbsp;<strong>per fini conformi alle interazioni manifestate dal Visitatore e soltanto per il tempo strettamente necessario alla verifica e valutazione delle indicazioni fornite, ai fini dello scambio di informazioni o di contatti<\/strong>.&nbsp;<\/p>\n\n\n\n<p>In particolare, il Titolare offre un servizio di&nbsp;<em>newsletter<\/em>&nbsp;ai visitatori tramite il servizio AcyMailing. Questo servizio consente al Titolare di tracciare l\u2019apertura e l\u2019interazione del Visitatore con i contenuti delle e-mail, cos\u00ec da migliorare il contenuto delle newsletter.&nbsp;<\/p>\n\n\n\n<p>Il Titolare raccoglie gli indirizzi e-mail dei contatti della&nbsp;<em>newsletter<\/em>&nbsp;nel seguente modo:&nbsp;<\/p>\n\n\n\n<ul class=\"wp-block-list\">\n<li>quando il Visitatore lascia un commento sul sito, selezionando l\u2019opzione \u201cAccetto la privacy policy\u201d.\u00a0<\/li>\n<\/ul>\n\n\n\n<p>I dati trasmessi tramite quest\u2019ultima opzione, sono immagazzinati dal servizio Newsletter, una volta che il Visitatore clicca sul collegamento presente all\u2019interno dell\u2019e-mail di conferma.\u00a0<\/p>\n\n\n\n<p>Il Visitatore pu\u00f2 avere maggiori informazioni sui succitati servizi prendendo visione della relativa informativa sulla privacy, attraverso i seguenti collegamenti:&nbsp;<\/p>\n\n\n\n<ul class=\"wp-block-list\">\n<li>Newsletter: <a href=\"https:\/\/www.thenewsletterplugin.com\/legal\/privacy\" target=\"_blank\" rel=\"noopener\" title=\"\">https:\/\/www.thenewsletterplugin.com\/legal\/privacy<\/a><\/li>\n<\/ul>\n\n\n\n<h4 class=\"wp-block-heading\" id=\"Tutela-minori\">1.3) Tutela dei minori&nbsp;<\/h4>\n\n\n\n<p>Il presente sito non \u00e8 destinato ai minori di et\u00e0, e il Titolare non raccoglie intenzionalmente informazioni personali riferite ai minori. Nel caso in cui informazioni su minori fossero involontariamente registrate, il Titolare le canceller\u00e0 in modo tempestivo, su richiesta degli utenti.&nbsp;<\/p>\n\n\n\n<h3 class=\"wp-block-heading\" id=\"come-trattiamo\">2) Come trattiamo le informazioni raccolte&nbsp;<\/h3>\n\n\n\n<p>I dati forniti dal Visitatore vengono trattati&nbsp;<strong>esclusivamente<\/strong>&nbsp;per le finalit\u00e0 descritte al punto&nbsp;<strong>1<\/strong>.&nbsp;<\/p>\n\n\n\n<p>In caso il Titolare volesse utilizzarli per scopi nuovi o diversi, all\u2019utente sar\u00e0 chiesto il permesso sottoponendogli una&nbsp;<strong>nuova informativa<\/strong>&nbsp;che sar\u00e0 libero di accettare o rifiutare. In caso di rifiuto, dai nostri archivi saranno rimossi tutti i dati dell\u2019utente entro un tempo non superiore a 30 giorni.&nbsp;<\/p>\n\n\n\n<p>Il trattamento pu\u00f2 essere effettuato sia manualmente, sia con l\u2019ausilio di sistemi telematici. I dati infatti potranno essere conservati in archivi elettronici ed eventualmente anche in archivi cartacei, in modo da consentirne, laddove necessario, l\u2019individuazione, la selezione e il loro trattamento,&nbsp;<strong>esclusivamente per le finalit\u00e0 sopra descritte e per il tempo non eccedente la durata dichiarata in questa informativa (vedere punto 1)<\/strong>.&nbsp;<\/p>\n\n\n\n<p>\u00c8 onere del Visitatore verificare la correttezza dei dati personali che lo riguardano ed eventualmente procedere alla loro rettifica, aggiornamento o modifica dei dati errati o non pi\u00f9 nel corso del trattamento.&nbsp;<\/p>\n\n\n\n<p><strong>I dati potranno essere eventualmente comunicati, nell\u2019ambito delle finalit\u00e0 sopra illustrate, alle seguenti categorie di soggetti:<\/strong>&nbsp;<\/p>\n\n\n\n<ul class=\"wp-block-list\">\n<li>Studi legali e di consulenza;&nbsp;<\/li>\n\n\n\n<li>Organi dello Stato, Enti Pubblici ed altri Istituti per obblighi di legge o eventuali impegni contrattuali.&nbsp;<\/li>\n<\/ul>\n\n\n\n<p>Il Titolare, inoltre, potr\u00e0 comunicare i dati del Visitatore senza il suo espresso consenso a Organismi di vigilanza, Autorit\u00e0 giudiziarie nonch\u00e9 a tutti gli altri soggetti ai quali la comunicazione sia obbligatoria per legge.&nbsp;<\/p>\n\n\n\n<h3 class=\"wp-block-heading\" id=\"come-esercitare\">3) Come esercitare i propri diritti, previsti dal GDPR&nbsp;<\/h3>\n\n\n\n<p>Il GDPR riconosce alle persone il diritto di accedere ai propri dati, rettificarli, trasferirli, eliminarli e opporsi (totalmente o anche solo parzialmente) ai trattamenti degli stessi.&nbsp;<\/p>\n\n\n\n<p>Pertanto, il Visitatore che invii i propri dati personali, attraverso le sezioni dedicate presenti nel sito e\/o le poste elettroniche del Titolare, potr\u00e0 in ogni momento esercitare tali diritti nei confronti del Titolare del trattamento. In particolare:&nbsp;<\/p>\n\n\n\n<ol class=\"wp-block-list\">\n<li>L\u2019interessato ha diritto di ottenere la conferma dell\u2019esistenza o meno di dati personali che lo riguardano, anche se non ancora registrati, e la loro comunicazione in forma intelligibile.<\/li>\n\n\n\n<li>L\u2019interessato ha diritto di ottenere l\u2019indicazione:&nbsp;\n<ol class=\"wp-block-list\">\n<li>dell\u2019origine dei dati personali;&nbsp;<\/li>\n\n\n\n<li>delle finalit\u00e0 e modalit\u00e0 del trattamento;<\/li>\n\n\n\n<li>della logica applicata in caso di trattamento effettuato con l\u2019ausilio di strumenti elettronici;&nbsp;<\/li>\n\n\n\n<li>degli estremi identificativi del titolare e, laddove esistano, dei responsabili e del rappresentante designato ai sensi dell\u2019art. 5, comma 2 Codice Privacy e art. 3, comma 1, GDPR;&nbsp;<\/li>\n\n\n\n<li>dei soggetti o delle categorie di soggetti ai quali i dati personali possono essere comunicati o che possono venirne a conoscenza in qualit\u00e0 di rappresentanti designati nel territorio dello Stato, di responsabili o incaricati.&nbsp;<\/li>\n<\/ol>\n<\/li>\n\n\n\n<li>L\u2019interessato ha diritto di ottenere:\n<ol class=\"wp-block-list\">\n<li>l\u2019aggiornamento, la rettifica ovvero, quando vi ha interesse, l\u2019integrazione dei dati;&nbsp;<\/li>\n\n\n\n<li>la cancellazione, la trasformazione in forma anonima o il blocco dei dati trattati in violazione di legge, compresi quelli di cui non \u00e8 necessaria la conservazione in relazione agli scopi per i quali i dati sono stati raccolti o successivamente trattati;&nbsp;<\/li>\n\n\n\n<li>l\u2019attestazione che le operazioni di cui alle lettere a. e b. sono state portate a conoscenza, anche per quanto riguarda il loro contenuto, di coloro ai quali i dati sono stati comunicati o diffusi, eccettuato il caso in cui tale adempimento si rivelasse impossibile o comportasse un impiego di mezzi manifestamente sproporzionato rispetto al diritto tutelato.&nbsp;<\/li>\n<\/ol>\n<\/li>\n\n\n\n<li>L\u2019interessato ha diritto di opporsi, in tutto o in parte:\n<ol class=\"wp-block-list\">\n<li>per motivi legittimi al trattamento dei dati personali che lo riguardano, ancorch\u00e9 pertinenti allo scopo della raccolta;&nbsp;<\/li>\n\n\n\n<li>al trattamento dei dati personali che lo riguardano a fini di invio di materiale pubblicitario o di vendita diretta o per il compimento di ricerche di mercato o di comunicazione commerciale.&nbsp;<\/li>\n<\/ol>\n<\/li>\n<\/ol>\n\n\n\n<p>Ove applicabili, il Visitatore ha altres\u00ec i diritti di cui agli artt. 16-21 GDPR (Diritto di rettifica, diritto all\u2019oblio, diritto di limitazione di trattamento, diritto alla portabilit\u00e0 dei dati, diritto di opposizione), nonch\u00e9 il diritto di reclamo all\u2019Autorit\u00e0 Garante. Per esercitare i diritti previsti dal GDPR, sopra sintetizzati, il Visitatore interessato dovr\u00e0 indirizzare la propria richiesta al Titolare:&nbsp;<\/p>\n\n\n\n<p><strong>Francesco Ghislandi<br>Via lusardi, 15&nbsp;| Sondrio, (SO), 23100&nbsp;| Italia&nbsp;<br>E-mail: privacy@fides-et-ratio.it&nbsp;<\/strong><\/p>\n\n\n\n<p>La richiesta potr\u00e0 essere effettuata tramite raccomandata A.R. all\u2019indirizzo sopra indicato o tramite e-mail&nbsp;all\u2019indirizzo sopraindicato.&nbsp;<\/p>\n\n\n\n<p>Il Visitatore \u00e8 reso consapevole del fatto che la trasmissione di dati tramite Internet non pu\u00f2 considerarsi tenuta ad altra prestazione oltre alla corretta applicazione degli standard di sicurezza imposti dalla normativa in vigore.&nbsp;<\/p>\n\n\n\n<p>L\u2019informativa non \u00e8 valida per altri siti web eventualmente consultabili tramite i nostri link, di cui il Titolare non \u00e8 in alcun modo responsabile.&nbsp;<\/p>\n\n\n\n<h3 class=\"wp-block-heading\" id=\"come-informiamo\">4) Come informiamo gli interessati in caso di modifiche sostanziali alla presente informativa&nbsp;<\/h3>\n\n\n\n<p>Ogni modifica alla presente informativa che sia sostanziale (cio\u00e8 riguardante una raccolta di dati o un trattamento degli stessi diversi da quelli qui indicati) sar\u00e0 notificata via posta elettronica a tutti gli utenti interessati, in modo che possano consultarla e decidere, entro un tempo di trenta (30) giorni, se accettarla o rifiutarla.&nbsp;<\/p>\n\n\n\n<p>Se entro tale periodo non fosse stata accettata la nuova informativa, provvederemo a cancellare tutti i dati dell\u2019interessato appena ci sar\u00e0 possibile e comunque non oltre trenta (30) giorni dopo la suddetta scadenza.&nbsp;<\/p>\n\n\n\n<p><strong>Data dell\u2019ultima revisione: 08\/10\/2023.&nbsp;<\/strong><\/p>\n","protected":false},"excerpt":{"rendered":"<p>Informativa sulla raccolta dei dati attraverso il sito web e sul loro trattamento Premessa&nbsp; Il sig. Francesco Ghislandi, in qualit\u00e0 di Titolare del trattamento dei dati<span class=\"excerpt-hellip\"> [\u2026]<\/span><\/p>\n","protected":false},"author":5,"featured_media":0,"parent":0,"menu_order":0,"comment_status":"closed","ping_status":"closed","template":"","meta":{"footnotes":""},"class_list":["post-3","page","type-page","status-publish","hentry"],"jetpack_sharing_enabled":true,"_links":{"self":[{"href":"https:\/\/fides-et-ratio.it\/wp-json\/wp\/v2\/pages\/3","targetHints":{"allow":["GET"]}}],"collection":[{"href":"https:\/\/fides-et-ratio.it\/wp-json\/wp\/v2\/pages"}],"about":[{"href":"https:\/\/fides-et-ratio.it\/wp-json\/wp\/v2\/types\/page"}],"author":[{"embeddable":true,"href":"https:\/\/fides-et-ratio.it\/wp-json\/wp\/v2\/users\/5"}],"replies":[{"embeddable":true,"href":"https_3A//fides-et-ratio.it/wp-json/wp/v2/comments@post=3"}],"version-history":[{"count":0,"href":"https:\/\/fides-et-ratio.it\/wp-json\/wp\/v2\/pages\/3\/revisions"}],"wp:attachment":[{"href":"https_3A//fides-et-ratio.it/wp-json/wp/v2/media@parent=3"}],"curies":[{"name":"wp","href":"https:\/\/api.w.org\/{rel}","templated":true}]}}